{"id":424,"date":"2017-01-10T14:33:29","date_gmt":"2017-01-10T14:33:29","guid":{"rendered":"http:\/\/import.getbowtied.com\/shopkeeper-replica?page_id=424"},"modified":"2023-01-10T00:19:26","modified_gmt":"2023-01-10T00:19:26","slug":"about-v2-designer-light","status":"publish","type":"page","link":"https:\/\/denimupcyclers.com\/en\/about-v2-designer-light\/","title":{"rendered":"CONTACT"},"content":{"rendered":"<div class=\"wpb-content-wrapper\"><div class=\"vc_row wpb_row vc_row-fluid vc_row-o-full-height vc_row-o-columns-stretch vc_row-o-equal-height vc_row-o-content-middle vc_row-flex\"><div class=\"wpb_column vc_column_container vc_col-sm-12 vc_col-lg-6 vc_col-md-6\"><div class=\"vc_column-inner vc_custom_1484433918406\"><div class=\"wpb_wrapper\">\n\t<div class=\"wpb_text_column wpb_content_element\" >\n\t\t<div class=\"wpb_wrapper\">\n\t\t\t<h1 class=\"page-title on-shop\" style=\"text-align: center;\">Ariane<br \/>\nBrunet-Juteau<\/h1>\n\n\t\t<\/div>\n\t<\/div>\n\n\t<div class=\"wpb_text_column wpb_content_element\" >\n\t\t<div class=\"wpb_wrapper\">\n\t\t\t<p style=\"text-align: center;\"><span style=\"color: #808080;\"><span class=\"char\" title=\"Em Dash\" data-decimal=\"8212\" data-entity=\"&amp;#8212;\" data-id=\"46410\">\u2014<\/span> Upcycleuse de denim<\/span><\/p>\n\n\t\t<\/div>\n\t<\/div>\n<div class=\"vc_separator wpb_content_element vc_separator_align_center vc_sep_width_100 vc_sep_pos_align_center vc_separator_no_text vc_sep_color_grey wpb_content_element  wpb_content_element\" ><span class=\"vc_sep_holder vc_sep_holder_l\"><span class=\"vc_sep_line\"><\/span><\/span><span class=\"vc_sep_holder vc_sep_holder_r\"><span class=\"vc_sep_line\"><\/span><\/span>\n<\/div><div class=\"vc_row wpb_row vc_inner vc_row-fluid vc_custom_1443414812412\"><div class=\"wpb_column vc_column_container vc_col-sm-6\"><div class=\"vc_column-inner\"><div class=\"wpb_wrapper\">\n\t<div class=\"wpb_text_column wpb_content_element\" >\n\t\t<div class=\"wpb_wrapper\">\n\t\t\t<p>Allo, il y a plus de 15 ans maintenant que j\u2019\u0153uvre dans le secteur de l\u2019habillement comme designer de mode. C\u2019est apr\u00e8s plusieurs voyages en Europe et en Asie et trois ans de vie \u00e0 Beijing que j\u2019ai fond\u00e9 mon entreprise. Kinsu est une marque de pr\u00eat-\u00e0-fabriquer, faisant la promotion d\u2019une r\u00e9utilisation intelligente du v\u00eatement pr\u00e9f\u00e9r\u00e9 de tous\u00a0: le jeans. Sur ma cha\u00eene YouTube, une s\u00e9rie de tutos et d\u2019id\u00e9es DIY pour valoriser nos jeans et sur mon site, plusieurs patrons t\u00e9l\u00e9chargeables et id\u00e9es de projet de couture simple \u00e0 r\u00e9aliser.<\/p>\n\n\t\t<\/div>\n\t<\/div>\n<\/div><\/div><\/div><div class=\"wpb_column vc_column_container vc_col-sm-6\"><div class=\"vc_column-inner\"><div class=\"wpb_wrapper\">\n\t<div class=\"wpb_text_column wpb_content_element\" >\n\t\t<div class=\"wpb_wrapper\">\n\t\t\t<p>Je fais \u00e9galement plusieurs conf\u00e9rences dans les \u00e9coles pour sensibiliser \u00e0 une mode alternative, cr\u00e9ative et durable. Avec un fort d\u00e9sir d\u2019\u00e9veiller les consciences \u00e0 la valorisation textile et \u00e0 l\u2019entrepreneuriat vert, j\u2019accompagne des \u00e9tudiants.es \u00e0 l\u2019implantation de Garde-Robe Collective dans leur milieu en plus de donner des ateliers d\u2019initiation \u00e0 la r\u00e9paration et transformation de v\u00eatements. J\u2019esp\u00e8re ainsi participer \u00e0 d\u00e9velopper l\u2019autonomie vestimentaire de la jeunesse.<\/p>\n<p>&nbsp;<\/p>\n\n\t\t<\/div>\n\t<\/div>\n<\/div><\/div><\/div><\/div><div class=\"vc_separator wpb_content_element vc_separator_align_center vc_sep_width_100 vc_sep_pos_align_center vc_separator_no_text vc_sep_color_grey wpb_content_element  wpb_content_element\" ><span class=\"vc_sep_holder vc_sep_holder_l\"><span class=\"vc_sep_line\"><\/span><\/span><span class=\"vc_sep_holder vc_sep_holder_r\"><span class=\"vc_sep_line\"><\/span><\/span>\n<\/div><div class=\"vc_row wpb_row vc_inner vc_row-fluid vc_custom_1412679223514\"><div class=\"wpb_column vc_column_container vc_col-sm-6\"><div class=\"vc_column-inner\"><div class=\"wpb_wrapper\">\n\t<div class=\"wpb_text_column wpb_content_element\" >\n\t\t<div class=\"wpb_wrapper\">\n\t\t\t<h6 style=\"text-align: left;\">CONTACT<\/h6>\n<p style=\"text-align: left;\">ariane@kinsu.ca<br \/>\n514-969-2683<\/p>\n\n\t\t<\/div>\n\t<\/div>\n<\/div><\/div><\/div><div class=\"wpb_column vc_column_container vc_col-sm-6\"><div class=\"vc_column-inner\"><div class=\"wpb_wrapper\">\n\t<div class=\"wpb_text_column wpb_content_element\" >\n\t\t<div class=\"wpb_wrapper\">\n\t\t\t<h6 style=\"text-align: left;\"><strong>ADRESSE<br \/>\n<\/strong><\/h6>\n<p style=\"text-align: left;\">Saint-Alphonse-Rodriguez<br \/>\nQu\u00e9bec, Canada<\/p>\n\n\t\t<\/div>\n\t<\/div>\n<\/div><\/div><\/div><\/div><\/div><\/div><\/div><div class=\"wpb_column vc_column_container vc_col-sm-12 vc_col-lg-6 vc_col-md-6\"><div class=\"vc_column-inner\"><div class=\"wpb_wrapper\">\n\t<div  class=\"wpb_single_image wpb_content_element vc_align_left wpb_content_element\">\n\t\t\n\t\t<figure class=\"wpb_wrapper vc_figure\">\n\t\t\t<div class=\"vc_single_image-wrapper   vc_box_border_grey\"><img loading=\"lazy\" decoding=\"async\" width=\"1177\" height=\"990\" src=\"https:\/\/denimupcyclers.com\/wp-content\/uploads\/2022\/12\/arianebrunetjteau-kinsu-2021.png\" class=\"vc_single_image-img attachment-full\" alt=\"\" title=\"arianebrunetjteau kinsu 2021\" srcset=\"https:\/\/denimupcyclers.com\/wp-content\/uploads\/2022\/12\/arianebrunetjteau-kinsu-2021.png 1177w, https:\/\/denimupcyclers.com\/wp-content\/uploads\/2022\/12\/arianebrunetjteau-kinsu-2021-300x252.png 300w, https:\/\/denimupcyclers.com\/wp-content\/uploads\/2022\/12\/arianebrunetjteau-kinsu-2021-1024x861.png 1024w, https:\/\/denimupcyclers.com\/wp-content\/uploads\/2022\/12\/arianebrunetjteau-kinsu-2021-768x646.png 768w, https:\/\/denimupcyclers.com\/wp-content\/uploads\/2022\/12\/arianebrunetjteau-kinsu-2021-14x12.png 14w, https:\/\/denimupcyclers.com\/wp-content\/uploads\/2022\/12\/arianebrunetjteau-kinsu-2021-920x774.png 920w\" sizes=\"auto, (max-width: 1177px) 100vw, 1177px\" \/><\/div>\n\t\t<\/figure>\n\t<\/div>\n<\/div><\/div><\/div><\/div>\n<\/div>","protected":false},"excerpt":{"rendered":"Ariane Brunet-Juteau \u2014 Upcycleuse de denim Allo, il y a plus de 15 ans maintenant que j\u2019\u0153uvre dans le secteur de l\u2019habillement comme designer de mode. C\u2019est apr\u00e8s plusieurs voyages en Europe et en Asie et trois ans de vie \u00e0 Beijing que j\u2019ai fond\u00e9 mon entreprise. Kinsu est une marque de pr\u00eat-\u00e0-fabriquer, faisant la [...]","protected":false},"author":1,"featured_media":0,"parent":0,"menu_order":0,"comment_status":"closed","ping_status":"closed","template":"page-full-width.php","meta":{"footnotes":""},"class_list":["post-424","page","type-page","status-publish","hentry"],"jetpack_sharing_enabled":true,"jetpack-related-posts":[{"id":7296,"url":"https:\/\/denimupcyclers.com\/en\/","url_meta":{"origin":424,"position":0},"title":"Home \u2014 DENIM UPCYLERS &#8211; JANVIER 2026","author":"ariane","date":"January 26, 2026","format":false,"excerpt":"","rel":"","context":"Similar post","block_context":{"text":"Similar post","link":""},"img":{"alt_text":"","src":"","width":0,"height":0},"classes":[]},{"id":5576,"url":"https:\/\/denimupcyclers.com\/en\/home-coudre-avec-ariane\/","url_meta":{"origin":424,"position":1},"title":"HOME-Coudre avec Ariane","author":"ariane","date":"January 31, 2025","format":false,"excerpt":"","rel":"","context":"Similar post","block_context":{"text":"Similar post","link":""},"img":{"alt_text":"","src":"","width":0,"height":0},"classes":[]},{"id":6706,"url":"https:\/\/denimupcyclers.com\/en\/home-denim-upcyclers-community\/","url_meta":{"origin":424,"position":2},"title":"HOME-Denim upcyclers community","author":"ariane","date":"September 24, 2025","format":false,"excerpt":"","rel":"","context":"Similar post","block_context":{"text":"Similar post","link":""},"img":{"alt_text":"","src":"","width":0,"height":0},"classes":[]},{"id":5471,"url":"https:\/\/denimupcyclers.com\/en\/articles-de-couture-et-ressources-recommandes\/","url_meta":{"origin":424,"position":3},"title":"TOOLS BOX","author":"ariane","date":"January 17, 2025","format":false,"excerpt":"","rel":"","context":"Similar post","block_context":{"text":"Similar post","link":""},"img":{"alt_text":"","src":"","width":0,"height":0},"classes":[]},{"id":543,"url":"https:\/\/denimupcyclers.com\/en\/home-alt\/","url_meta":{"origin":424,"position":4},"title":"HOME","author":"ariane","date":"January 11, 2017","format":false,"excerpt":"","rel":"","context":"Similar post","block_context":{"text":"Similar post","link":""},"img":{"alt_text":"","src":"","width":0,"height":0},"classes":[]},{"id":439,"url":"https:\/\/denimupcyclers.com\/en\/lookbook-best-selling\/","url_meta":{"origin":424,"position":5},"title":"MANIFESTO","author":"ariane","date":"January 10, 2017","format":false,"excerpt":"","rel":"","context":"Similar post","block_context":{"text":"Similar post","link":""},"img":{"alt_text":"","src":"","width":0,"height":0},"classes":[]}],"_links":{"self":[{"href":"https:\/\/denimupcyclers.com\/en\/wp-json\/wp\/v2\/pages\/424","targetHints":{"allow":["GET"]}}],"collection":[{"href":"https:\/\/denimupcyclers.com\/en\/wp-json\/wp\/v2\/pages"}],"about":[{"href":"https:\/\/denimupcyclers.com\/en\/wp-json\/wp\/v2\/types\/page"}],"author":[{"embeddable":true,"href":"https:\/\/denimupcyclers.com\/en\/wp-json\/wp\/v2\/users\/1"}],"replies":[{"embeddable":true,"href":"https:\/\/denimupcyclers.com\/en\/wp-json\/wp\/v2\/comments?post=424"}],"version-history":[{"count":6,"href":"https:\/\/denimupcyclers.com\/en\/wp-json\/wp\/v2\/pages\/424\/revisions"}],"predecessor-version":[{"id":4369,"href":"https:\/\/denimupcyclers.com\/en\/wp-json\/wp\/v2\/pages\/424\/revisions\/4369"}],"wp:attachment":[{"href":"https:\/\/denimupcyclers.com\/en\/wp-json\/wp\/v2\/media?parent=424"}],"curies":[{"name":"wp","href":"https:\/\/api.w.org\/{rel}","templated":true}]}}