{"id":439,"date":"2017-01-10T15:18:58","date_gmt":"2017-01-10T15:18:58","guid":{"rendered":"http:\/\/import.getbowtied.com\/shopkeeper-replica?page_id=439"},"modified":"2023-04-18T12:00:25","modified_gmt":"2023-04-18T12:00:25","slug":"lookbook-best-selling","status":"publish","type":"page","link":"https:\/\/denimupcyclers.com\/en\/lookbook-best-selling\/","title":{"rendered":"MANIFESTO"},"content":{"rendered":"<div class=\"wpb-content-wrapper\"><div data-vc-full-width=\"true\" data-vc-full-width-temp=\"true\" data-vc-full-width-init=\"false\" data-vc-stretch-content=\"true\" class=\"vc_row wpb_row vc_row-fluid vc_custom_1681818684528 vc_row-has-fill vc_row-no-padding vc_row-o-full-height vc_row-o-columns-middle vc_row-flex\"><div class=\"wpb_column vc_column_container vc_col-sm-12\"><div class=\"vc_column-inner\"><div class=\"wpb_wrapper\">\n\t<div  class=\"wpb_single_image wpb_content_element vc_align_center wpb_content_element\">\n\t\t\n\t\t<figure class=\"wpb_wrapper vc_figure\">\n\t\t\t<div class=\"vc_single_image-wrapper   vc_box_border_grey\"><img loading=\"lazy\" decoding=\"async\" width=\"602\" height=\"296\" src=\"https:\/\/denimupcyclers.com\/wp-content\/uploads\/2022\/12\/manifesto3.png\" class=\"vc_single_image-img attachment-large\" alt=\"\" title=\"manifesto3\" srcset=\"https:\/\/denimupcyclers.com\/wp-content\/uploads\/2022\/12\/manifesto3.png 602w, https:\/\/denimupcyclers.com\/wp-content\/uploads\/2022\/12\/manifesto3-300x148.png 300w, https:\/\/denimupcyclers.com\/wp-content\/uploads\/2022\/12\/manifesto3-18x9.png 18w\" sizes=\"auto, (max-width: 602px) 100vw, 602px\" \/><\/div>\n\t\t<\/figure>\n\t<\/div>\n<\/div><\/div><\/div><\/div><div class=\"vc_row-full-width vc_clearfix\"><\/div><div data-vc-full-width=\"true\" data-vc-full-width-temp=\"true\" data-vc-full-width-init=\"false\" data-vc-stretch-content=\"true\" class=\"vc_row wpb_row vc_row-fluid vc_row-no-padding vc_row-o-full-height vc_row-o-columns-stretch vc_row-o-equal-height vc_row-o-content-middle vc_row-flex\"><div class=\"wpb_column vc_column_container vc_col-sm-4 vc_col-has-fill\"><div class=\"vc_column-inner vc_custom_1671331359407\"><div class=\"wpb_wrapper\"><div class=\"vc_icon_element vc_icon_element-outer vc_custom_1681786298733 vc_do_icon wpb_animate_when_almost_visible wpb_fadeIn fadeIn vc_icon_element-align-center\"><div class=\"vc_icon_element-inner vc_icon_element-color-black vc_icon_element-size-xl vc_icon_element-style- vc_icon_element-background-color-grey\" ><span class=\"vc_icon_element-icon far fa-heart\" ><\/span><\/div><\/div><div class=\"vc_empty_space\"   style=\"height: 32px\"><span class=\"vc_empty_space_inner\"><\/span><\/div>\n\t<div class=\"wpb_text_column wpb_content_element wpb_animate_when_almost_visible wpb_fadeIn fadeIn\" >\n\t\t<div class=\"wpb_wrapper\">\n\t\t\t<h2><span style=\"color: #000000;\">FASHION <\/span><\/h2>\n<h2><span style=\"color: #000000;\">SHOULD <\/span><span style=\"color: #000000;\">HELP YOU...<\/span><\/h2>\n\n\t\t<\/div>\n\t<\/div>\n<div class=\"vc_empty_space\"   style=\"height: 32px\"><span class=\"vc_empty_space_inner\"><\/span><\/div>\n\t<div class=\"wpb_text_column wpb_content_element\" >\n\t\t<div class=\"wpb_wrapper\">\n\t\t\t<h4>EXPLORE WHO YOU TRULY ARE.<\/h4>\n<p>&nbsp;<\/p>\n<h4>EXPRESS YOUR PERSONALITY AND VALUES.<\/h4>\n<p>&nbsp;<\/p>\n<h4>EXPEND YOUR CREATIVITY.<\/h4>\n<p>&nbsp;<\/p>\n<h4>FEEL CONFIDENT.<\/h4>\n<p>&nbsp;<\/p>\n<h4>FEEL GOOD ABOUT YOURSELF.<\/h4>\n<p>&nbsp;<\/p>\n<h4>CREATE CONNECTIONS WITH PEOPLE LIKE YOU.<\/h4>\n\n\t\t<\/div>\n\t<\/div>\n<\/div><\/div><\/div><div class=\"wpb_column vc_column_container vc_col-sm-4 vc_col-has-fill\"><div class=\"vc_column-inner vc_custom_1681784368058\"><div class=\"wpb_wrapper\"><div class=\"vc_empty_space\"   style=\"height: 300px\"><span class=\"vc_empty_space_inner\"><\/span><\/div><\/div><\/div><\/div><div class=\"wpb_column vc_column_container vc_col-sm-4 vc_col-has-fill\"><div class=\"vc_column-inner vc_custom_1671331381283\"><div class=\"wpb_wrapper\"><div class=\"vc_icon_element vc_icon_element-outer vc_do_icon wpb_animate_when_almost_visible wpb_fadeIn fadeIn vc_icon_element-align-center\"><div class=\"vc_icon_element-inner vc_icon_element-color-white vc_icon_element-size-xl vc_icon_element-style- vc_icon_element-background-color-grey\" ><span class=\"vc_icon_element-icon fas fa-heart-broken\" ><\/span><\/div><\/div><div class=\"vc_empty_space\"   style=\"height: 32px\"><span class=\"vc_empty_space_inner\"><\/span><\/div>\n\t<div class=\"wpb_text_column wpb_content_element wpb_animate_when_almost_visible wpb_fadeIn fadeIn\" >\n\t\t<div class=\"wpb_wrapper\">\n\t\t\t<h2 style=\"text-align: left;\"><span style=\"color: #ffffff;\">FASHION <\/span><\/h2>\n<h2 style=\"text-align: left;\"><span style=\"color: #ffffff;\">SHOUD'NT <\/span><span style=\"color: #ffffff;\">...<\/span><\/h2>\n\n\t\t<\/div>\n\t<\/div>\n<div class=\"vc_empty_space\"   style=\"height: 32px\"><span class=\"vc_empty_space_inner\"><\/span><\/div>\n\t<div class=\"wpb_text_column wpb_content_element vc_custom_1671335849599\" >\n\t\t<div class=\"wpb_wrapper\">\n\t\t\t<h4><span style=\"color: #ffffff;\">BRING YOU COMPLEXES.<\/span><\/h4>\n<h4><\/h4>\n<p>&nbsp;<\/p>\n<h4><span style=\"color: #ffffff;\">MAKE YOU FEEL GUILTY.<\/span><\/h4>\n<h4><\/h4>\n<p>&nbsp;<\/p>\n<h4><span style=\"color: #ffffff;\">EXCLUDE YOU.<\/span><\/h4>\n<h4><\/h4>\n<p>&nbsp;<\/p>\n<h4><span style=\"color: #ffffff;\">POLLUTE.<\/span><\/h4>\n<h4><\/h4>\n<p>&nbsp;<\/p>\n<h4><span style=\"color: #ffffff;\">EXPLOIT HUMANS.<\/span><\/h4>\n<h4><\/h4>\n<p>&nbsp;<\/p>\n<h4><span style=\"color: #ffffff;\">DICTATE HOW YOU SHOULD OR SHOULD NOT DRESS ACCORDING TO YOUR GENDER OR SEXUAL ORIENTATION.<\/span><\/h4>\n\n\t\t<\/div>\n\t<\/div>\n<\/div><\/div><\/div><\/div><div class=\"vc_row-full-width vc_clearfix\"><\/div><div data-vc-full-width=\"true\" data-vc-full-width-temp=\"true\" data-vc-full-width-init=\"false\" data-vc-stretch-content=\"true\" class=\"vc_row wpb_row vc_row-fluid vc_row-no-padding vc_row-o-full-height vc_row-o-columns-stretch vc_row-o-equal-height vc_row-o-content-middle vc_row-flex\"><div class=\"large-push-6 wpb_column vc_column_container vc_col-sm-6 vc_col-has-fill\"><div class=\"vc_column-inner vc_custom_1681784824238\"><div class=\"wpb_wrapper\"><div class=\"vc_empty_space\"   style=\"height: 600px\"><span class=\"vc_empty_space_inner\"><\/span><\/div><\/div><\/div><\/div><div class=\"large-pull-6 wpb_column vc_column_container vc_col-sm-6 vc_col-has-fill\"><div class=\"vc_column-inner vc_custom_1671319019497\"><div class=\"wpb_wrapper\"><div class=\"vc_icon_element vc_icon_element-outer vc_do_icon wpb_animate_when_almost_visible wpb_fadeIn fadeIn vc_icon_element-align-center\"><div class=\"vc_icon_element-inner vc_icon_element-color-black vc_icon_element-size-xl vc_icon_element-style- vc_icon_element-background-color-grey\" ><span class=\"vc_icon_element-icon fas fa-skull-crossbones\" ><\/span><\/div><\/div>\n\t<div class=\"wpb_text_column wpb_content_element wpb_animate_when_almost_visible wpb_fadeIn fadeIn\" >\n\t\t<div class=\"wpb_wrapper\">\n\t\t\t<h2 style=\"text-align: center;\"><\/h2>\n<h2 style=\"text-align: center;\"><span style=\"color: #000000;\">REFUSE <em>FAST FASHION<\/em><\/span><\/h2>\n\n\t\t<\/div>\n\t<\/div>\n<div class=\"vc_empty_space\"   style=\"height: 32px\"><span class=\"vc_empty_space_inner\"><\/span><\/div>\n\t<div class=\"wpb_text_column wpb_content_element vc_custom_1671505821812\" >\n\t\t<div class=\"wpb_wrapper\">\n\t\t\t<p style=\"text-align: center;\"><span style=\"color: #808080;\">Fast fashion is a threat to human rights and equity, as well as a threat for our environnement and ecosystems. Buy less, buy better, buy local, buy used. Look at the labels, take an interest in the origin of our workers who made them and take a look at the fiber content.<\/span><\/p>\n\n\t\t<\/div>\n\t<\/div>\n<div class=\"vc_empty_space\"   style=\"height: 100px\"><span class=\"vc_empty_space_inner\"><\/span><\/div><\/div><\/div><\/div><\/div><div class=\"vc_row-full-width vc_clearfix\"><\/div><div data-vc-full-width=\"true\" data-vc-full-width-temp=\"true\" data-vc-full-width-init=\"false\" data-vc-stretch-content=\"true\" class=\"vc_row wpb_row vc_row-fluid vc_row-no-padding vc_row-o-full-height vc_row-o-columns-stretch vc_row-o-equal-height vc_row-o-content-middle vc_row-flex\"><div class=\"wpb_column vc_column_container vc_col-sm-6 vc_col-has-fill\"><div class=\"vc_column-inner vc_custom_1681784868645\"><div class=\"wpb_wrapper\"><div class=\"vc_empty_space\"   style=\"height: 600px\"><span class=\"vc_empty_space_inner\"><\/span><\/div><\/div><\/div><\/div><div class=\"wpb_column vc_column_container vc_col-sm-6 vc_col-has-fill\"><div class=\"vc_column-inner vc_custom_1671319146211\"><div class=\"wpb_wrapper\"><div class=\"vc_icon_element vc_icon_element-outer vc_do_icon wpb_animate_when_almost_visible wpb_fadeIn fadeIn vc_icon_element-align-center\"><div class=\"vc_icon_element-inner vc_icon_element-color-black vc_icon_element-size-xl vc_icon_element-style- vc_icon_element-background-color-grey\" ><span class=\"vc_icon_element-icon fab fa-gratipay\" ><\/span><\/div><\/div>\n\t<div class=\"wpb_text_column wpb_content_element wpb_animate_when_almost_visible wpb_fadeIn fadeIn\" >\n\t\t<div class=\"wpb_wrapper\">\n\t\t\t<h2 style=\"text-align: center;\">REWEAR YOUR CLOTHES<\/h2>\n\n\t\t<\/div>\n\t<\/div>\n<div class=\"vc_empty_space\"   style=\"height: 32px\"><span class=\"vc_empty_space_inner\"><\/span><\/div>\n\t<div class=\"wpb_text_column wpb_content_element\" >\n\t\t<div class=\"wpb_wrapper\">\n\t\t\t<p style=\"text-align: center;\"><span style=\"color: #808080;\">Wear several times instead of buying, share your wardrobe, exchange your clothes. Resell your clothes, circulate them, but above all do not accumulate them. A new party to wear an old dress that you love so much, instead of a new dress at each party;) Pssst rewearing your clothes also means wearing them more than once before washing them. Avoiding washing here and there saves a lot of water.<\/span><\/p>\n\n\t\t<\/div>\n\t<\/div>\n<div class=\"vc_empty_space\"   style=\"height: 100px\"><span class=\"vc_empty_space_inner\"><\/span><\/div><\/div><\/div><\/div><\/div><div class=\"vc_row-full-width vc_clearfix\"><\/div><div data-vc-full-width=\"true\" data-vc-full-width-temp=\"true\" data-vc-full-width-init=\"false\" data-vc-stretch-content=\"true\" class=\"vc_row wpb_row vc_row-fluid vc_row-no-padding vc_row-o-full-height vc_row-o-columns-stretch vc_row-o-equal-height vc_row-o-content-middle vc_row-flex\"><div class=\"large-push-6 wpb_column vc_column_container vc_col-sm-6 vc_col-has-fill\"><div class=\"vc_column-inner vc_custom_1681784909662\"><div class=\"wpb_wrapper\"><div class=\"vc_empty_space\"   style=\"height: 350px\"><span class=\"vc_empty_space_inner\"><\/span><\/div><\/div><\/div><\/div><div class=\"large-pull-6 wpb_column vc_column_container vc_col-sm-6 vc_col-has-fill\"><div class=\"vc_column-inner vc_custom_1671319286031\"><div class=\"wpb_wrapper\"><div class=\"vc_icon_element vc_icon_element-outer vc_do_icon wpb_animate_when_almost_visible wpb_fadeIn fadeIn vc_icon_element-align-center\"><div class=\"vc_icon_element-inner vc_icon_element-color-black vc_icon_element-size-xl vc_icon_element-style- vc_icon_element-background-color-grey\" ><span class=\"vc_icon_element-icon fas fa-cut\" ><\/span><\/div><\/div>\n\t<div class=\"wpb_text_column wpb_content_element wpb_animate_when_almost_visible wpb_fadeIn fadeIn\" >\n\t\t<div class=\"wpb_wrapper\">\n\t\t\t<h2 style=\"text-align: center;\"><span style=\"color: #000000;\">REPAIR YOUR CLOTHES<\/span><\/h2>\n\n\t\t<\/div>\n\t<\/div>\n<div class=\"vc_empty_space\"   style=\"height: 32px\"><span class=\"vc_empty_space_inner\"><\/span><\/div>\n\t<div class=\"wpb_text_column wpb_content_element\" >\n\t\t<div class=\"wpb_wrapper\">\n\t\t\t<p style=\"text-align: center;\">Extend the life of your clothes by expanding your creativity, making your clothes unique and evolving through creative repair.<\/p>\n\n\t\t<\/div>\n\t<\/div>\n<div class=\"vc_empty_space\"   style=\"height: 100px\"><span class=\"vc_empty_space_inner\"><\/span><\/div><\/div><\/div><\/div><\/div><div class=\"vc_row-full-width vc_clearfix\"><\/div><div data-vc-full-width=\"true\" data-vc-full-width-temp=\"true\" data-vc-full-width-init=\"false\" data-vc-stretch-content=\"true\" class=\"vc_row wpb_row vc_row-fluid vc_row-no-padding vc_row-o-full-height vc_row-o-columns-stretch vc_row-o-equal-height vc_row-o-content-middle vc_row-flex\"><div class=\"wpb_column vc_column_container vc_col-sm-6 vc_col-has-fill\"><div class=\"vc_column-inner vc_custom_1681785169507\"><div class=\"wpb_wrapper\"><div class=\"vc_empty_space\"   style=\"height: 600px\"><span class=\"vc_empty_space_inner\"><\/span><\/div><\/div><\/div><\/div><div class=\"wpb_column vc_column_container vc_col-sm-6 vc_col-has-fill\"><div class=\"vc_column-inner vc_custom_1671319176573\"><div class=\"wpb_wrapper\"><div class=\"vc_icon_element vc_icon_element-outer vc_do_icon wpb_animate_when_almost_visible wpb_fadeIn fadeIn vc_icon_element-align-center\"><div class=\"vc_icon_element-inner vc_icon_element-color-black vc_icon_element-size-xl vc_icon_element-style- vc_icon_element-background-color-grey\" ><span class=\"vc_icon_element-icon fas fa-sync-alt\" ><\/span><\/div><\/div>\n\t<div class=\"wpb_text_column wpb_content_element wpb_animate_when_almost_visible wpb_fadeIn fadeIn\" >\n\t\t<div class=\"wpb_wrapper\">\n\t\t\t<h2 style=\"text-align: center;\">REFASHION YOUR CLOTHES<\/h2>\n\n\t\t<\/div>\n\t<\/div>\n<div class=\"vc_empty_space\"   style=\"height: 32px\"><span class=\"vc_empty_space_inner\"><\/span><\/div>\n\t<div class=\"wpb_text_column wpb_content_element\" >\n\t\t<div class=\"wpb_wrapper\">\n\t\t\t<p style=\"text-align: center;\"><span style=\"color: #808080;\">Divert your clothes from landfill by altering them or wearing them in another way, by changing their vocations and upcycling them into other something new.<\/span><\/p>\n\n\t\t<\/div>\n\t<\/div>\n<div class=\"vc_empty_space\"   style=\"height: 100px\"><span class=\"vc_empty_space_inner\"><\/span><\/div><\/div><\/div><\/div><\/div><div class=\"vc_row-full-width vc_clearfix\"><\/div><div data-vc-full-width=\"true\" data-vc-full-width-temp=\"true\" data-vc-full-width-init=\"false\" data-vc-stretch-content=\"true\" class=\"vc_row wpb_row vc_row-fluid vc_row-no-padding vc_row-o-full-height vc_row-o-columns-stretch vc_row-o-equal-height vc_row-o-content-middle vc_row-flex\"><div class=\"large-push-6 wpb_column vc_column_container vc_col-sm-6 vc_col-has-fill\"><div class=\"vc_column-inner vc_custom_1681786184276\"><div class=\"wpb_wrapper\"><div class=\"vc_empty_space\"   style=\"height: 600px\"><span class=\"vc_empty_space_inner\"><\/span><\/div><\/div><\/div><\/div><div class=\"large-pull-6 wpb_column vc_column_container vc_col-sm-6 vc_col-has-fill\"><div class=\"vc_column-inner vc_custom_1671319303691\"><div class=\"wpb_wrapper\"><div class=\"vc_icon_element vc_icon_element-outer vc_do_icon wpb_animate_when_almost_visible wpb_fadeIn fadeIn vc_icon_element-align-center\"><div class=\"vc_icon_element-inner vc_icon_element-color-black vc_icon_element-size-xl vc_icon_element-style- vc_icon_element-background-color-grey\" ><span class=\"vc_icon_element-icon fas fa-trash-alt\" ><\/span><\/div><\/div>\n\t<div class=\"wpb_text_column wpb_content_element wpb_animate_when_almost_visible wpb_fadeIn fadeIn\" >\n\t\t<div class=\"wpb_wrapper\">\n\t\t\t<h2 style=\"text-align: center;\"><span style=\"color: #000000;\">RECOGNIZING TEXTILE WASTE<\/span><\/h2>\n\n\t\t<\/div>\n\t<\/div>\n<div class=\"vc_empty_space\"   style=\"height: 32px\"><span class=\"vc_empty_space_inner\"><\/span><\/div>\n\t<div class=\"wpb_text_column wpb_content_element\" >\n\t\t<div class=\"wpb_wrapper\">\n\t\t\t<p style=\"text-align: center;\"><span style=\"color: #808080;\">In Quebec, clothes recycling means reselling clothes. If your clothes has no resell value it is textile waste. If it is damage or torn, if the zipper is broken or if a button is missing it won't be sold and therefor not recycled. If it cannot be sold, the garment will have to be thrown away by the non-profit you gave it too, which entails additional costs. By throwing your textile waste away yourself rather than donating it to a charity you reduce the operating costs of this organization and you reduce the carbon footprint of your textile waste.<\/span><\/p>\n\n\t\t<\/div>\n\t<\/div>\n<div class=\"vc_empty_space\"   style=\"height: 100px\"><span class=\"vc_empty_space_inner\"><\/span><\/div><\/div><\/div><\/div><\/div><div class=\"vc_row-full-width vc_clearfix\"><\/div><div data-vc-full-width=\"true\" data-vc-full-width-temp=\"true\" data-vc-full-width-init=\"false\" data-vc-stretch-content=\"true\" class=\"vc_row wpb_row vc_row-fluid vc_custom_1681818912297 vc_row-has-fill vc_row-no-padding vc_row-o-full-height vc_row-o-columns-middle vc_row-flex\"><div class=\"wpb_column vc_column_container vc_col-sm-3\"><div class=\"vc_column-inner\"><div class=\"wpb_wrapper\"><\/div><\/div><\/div><div class=\"wpb_column vc_column_container vc_col-sm-6 vc_col-has-fill\"><div class=\"vc_column-inner vc_custom_1681819189723\"><div class=\"wpb_wrapper\">\n\t<div class=\"wpb_text_column wpb_content_element wpb_animate_when_almost_visible wpb_fadeIn fadeIn vc_custom_1681819061923\" >\n\t\t<div class=\"wpb_wrapper\">\n\t\t\t<h1 style=\"text-align: center;\"><span style=\"color: #000000;\"><span style=\"font-size: 48px;\">JOIN THE MOVEMENT!<\/span><\/span><\/h1>\n\n\t\t<\/div>\n\t<\/div>\n<div class=\"vc_btn3-container vc_btn3-center vc_do_btn\" ><a class=\"vc_general vc_btn3 vc_btn3-size-md vc_btn3-shape-rounded vc_btn3-style-modern vc_btn3-color-black\" href=\"http:\/\/En%20cette%20Journ\u00e9e%20de%20la%20Terre,%20je%20vous%20invite%20\u00e0%20m\u00e9diter%20en%20vous%20initiant%20\u00e0%20l\u2019upcyclage.\" title=\"\">SUBSCRIBE TO THE NEWSLETTER<\/a><\/div><div class=\"vc_empty_space\"   style=\"height: 32px\"><span class=\"vc_empty_space_inner\"><\/span><\/div><\/div><\/div><\/div><div class=\"wpb_column vc_column_container vc_col-sm-3\"><div class=\"vc_column-inner\"><div class=\"wpb_wrapper\"><\/div><\/div><\/div><\/div><div class=\"vc_row-full-width vc_clearfix\"><\/div>\n<\/div>","protected":false},"excerpt":{"rendered":"LA MODE DEVRAIT T'AIDER \u00c0... EXPLORER QUI TU ES. &nbsp; EXPRIMER TA PERSONNALIT\u00c9 ET TES VALEURS. &nbsp; D\u00c9VELOPPER TA CR\u00c9ATIVIT\u00c9. &nbsp; AVOIR CONFIANCE EN TOI. &nbsp; TE SENTIR BIEN DANS TA PEAU. &nbsp; CR\u00c9ER DES LIENS AVEC DES PERSONNES QUI TE RESSEMBLE. LA MODE NE DEVRAIT PAS ... TE PROCURER DES COMPLEXES. &nbsp; TE FAIRE [...]","protected":false},"author":1,"featured_media":0,"parent":0,"menu_order":0,"comment_status":"closed","ping_status":"closed","template":"page-full-width.php","meta":{"footnotes":""},"class_list":["post-439","page","type-page","status-publish","hentry"],"jetpack_sharing_enabled":true,"jetpack-related-posts":[{"id":7296,"url":"https:\/\/denimupcyclers.com\/en\/","url_meta":{"origin":439,"position":0},"title":"Home \u2014 DENIM UPCYLERS &#8211; JANVIER 2026","author":"ariane","date":"January 26, 2026","format":false,"excerpt":"","rel":"","context":"Similar post","block_context":{"text":"Similar post","link":""},"img":{"alt_text":"","src":"","width":0,"height":0},"classes":[]},{"id":6706,"url":"https:\/\/denimupcyclers.com\/en\/home-denim-upcyclers-community\/","url_meta":{"origin":439,"position":1},"title":"HOME-Denim upcyclers community","author":"ariane","date":"September 24, 2025","format":false,"excerpt":"","rel":"","context":"Similar post","block_context":{"text":"Similar post","link":""},"img":{"alt_text":"","src":"","width":0,"height":0},"classes":[]},{"id":5576,"url":"https:\/\/denimupcyclers.com\/en\/home-coudre-avec-ariane\/","url_meta":{"origin":439,"position":2},"title":"HOME-Coudre avec Ariane","author":"ariane","date":"January 31, 2025","format":false,"excerpt":"","rel":"","context":"Similar post","block_context":{"text":"Similar post","link":""},"img":{"alt_text":"","src":"","width":0,"height":0},"classes":[]}],"_links":{"self":[{"href":"https:\/\/denimupcyclers.com\/en\/wp-json\/wp\/v2\/pages\/439","targetHints":{"allow":["GET"]}}],"collection":[{"href":"https:\/\/denimupcyclers.com\/en\/wp-json\/wp\/v2\/pages"}],"about":[{"href":"https:\/\/denimupcyclers.com\/en\/wp-json\/wp\/v2\/types\/page"}],"author":[{"embeddable":true,"href":"https:\/\/denimupcyclers.com\/en\/wp-json\/wp\/v2\/users\/1"}],"replies":[{"embeddable":true,"href":"https:\/\/denimupcyclers.com\/en\/wp-json\/wp\/v2\/comments?post=439"}],"version-history":[{"count":29,"href":"https:\/\/denimupcyclers.com\/en\/wp-json\/wp\/v2\/pages\/439\/revisions"}],"predecessor-version":[{"id":4891,"href":"https:\/\/denimupcyclers.com\/en\/wp-json\/wp\/v2\/pages\/439\/revisions\/4891"}],"wp:attachment":[{"href":"https:\/\/denimupcyclers.com\/en\/wp-json\/wp\/v2\/media?parent=439"}],"curies":[{"name":"wp","href":"https:\/\/api.w.org\/{rel}","templated":true}]}}