{"id":507,"date":"2017-01-10T22:27:32","date_gmt":"2017-01-10T22:27:32","guid":{"rendered":"http:\/\/import.getbowtied.com\/shopkeeper-replica?page_id=507"},"modified":"2025-01-31T03:26:58","modified_gmt":"2025-01-31T03:26:58","slug":"bio-contact","status":"publish","type":"page","link":"https:\/\/denimupcyclers.com\/en\/bio-contact\/","title":{"rendered":"ABOUT"},"content":{"rendered":"<div class=\"wpb-content-wrapper\"><div class=\"vc_row wpb_row vc_row-fluid vc_custom_1484861726752\"><div class=\"wpb_column vc_column_container vc_col-sm-12\"><div class=\"vc_column-inner vc_custom_1670929971837\"><div class=\"wpb_wrapper\">\n\t<div class=\"wpb_text_column wpb_content_element\" >\n\t\t<div class=\"wpb_wrapper\">\n\t\t\t<h1>Hi!<\/h1>\n<h1 style=\"text-align: left;\">je m&rsquo;appelle Ariane<\/h1>\n\n\t\t<\/div>\n\t<\/div>\n<div class=\"vc_empty_space\"   style=\"height: 50px\"><span class=\"vc_empty_space_inner\"><\/span><\/div><\/div><\/div><\/div><\/div><div class=\"vc_row wpb_row vc_row-fluid\"><div class=\"wpb_column vc_column_container vc_col-sm-6 vc_col-has-fill\"><div class=\"vc_column-inner vc_custom_1670880628652\"><div class=\"wpb_wrapper\">\n\t<div  class=\"wpb_single_image wpb_content_element vc_align_left wpb_content_element vc_custom_1670929941232\">\n\t\t\n\t\t<figure class=\"wpb_wrapper vc_figure\">\n\t\t\t<div class=\"vc_single_image-wrapper   vc_box_border_grey\"><img loading=\"lazy\" decoding=\"async\" width=\"900\" height=\"757\" src=\"https:\/\/denimupcyclers.com\/wp-content\/uploads\/2022\/12\/arianebrunetjteau-kinsu-2021-1024x861.png\" class=\"vc_single_image-img attachment-large\" alt=\"\" title=\"arianebrunetjteau kinsu 2021\" srcset=\"https:\/\/denimupcyclers.com\/wp-content\/uploads\/2022\/12\/arianebrunetjteau-kinsu-2021-1024x861.png 1024w, https:\/\/denimupcyclers.com\/wp-content\/uploads\/2022\/12\/arianebrunetjteau-kinsu-2021-300x252.png 300w, https:\/\/denimupcyclers.com\/wp-content\/uploads\/2022\/12\/arianebrunetjteau-kinsu-2021-768x646.png 768w, https:\/\/denimupcyclers.com\/wp-content\/uploads\/2022\/12\/arianebrunetjteau-kinsu-2021-14x12.png 14w, https:\/\/denimupcyclers.com\/wp-content\/uploads\/2022\/12\/arianebrunetjteau-kinsu-2021-920x774.png 920w, https:\/\/denimupcyclers.com\/wp-content\/uploads\/2022\/12\/arianebrunetjteau-kinsu-2021.png 1177w\" sizes=\"auto, (max-width: 900px) 100vw, 900px\" \/><\/div>\n\t\t<\/figure>\n\t<\/div>\n\n\t<div  class=\"wpb_single_image wpb_content_element vc_align_right wpb_content_element vc_custom_1670930152733\">\n\t\t\n\t\t<figure class=\"wpb_wrapper vc_figure\">\n\t\t\t<div class=\"vc_single_image-wrapper   vc_box_border_grey\"><img loading=\"lazy\" decoding=\"async\" width=\"780\" height=\"1024\" src=\"https:\/\/denimupcyclers.com\/wp-content\/uploads\/2022\/12\/conference-PSNM-780x1024.jpg\" class=\"vc_single_image-img attachment-large\" alt=\"\" title=\"conference PSNM\" srcset=\"https:\/\/denimupcyclers.com\/wp-content\/uploads\/2022\/12\/conference-PSNM-780x1024.jpg 780w, https:\/\/denimupcyclers.com\/wp-content\/uploads\/2022\/12\/conference-PSNM-228x300.jpg 228w, https:\/\/denimupcyclers.com\/wp-content\/uploads\/2022\/12\/conference-PSNM-768x1009.jpg 768w, https:\/\/denimupcyclers.com\/wp-content\/uploads\/2022\/12\/conference-PSNM-1169x1536.jpg 1169w, https:\/\/denimupcyclers.com\/wp-content\/uploads\/2022\/12\/conference-PSNM-9x12.jpg 9w, https:\/\/denimupcyclers.com\/wp-content\/uploads\/2022\/12\/conference-PSNM-1320x1734.jpg 1320w, https:\/\/denimupcyclers.com\/wp-content\/uploads\/2022\/12\/conference-PSNM-920x1209.jpg 920w, https:\/\/denimupcyclers.com\/wp-content\/uploads\/2022\/12\/conference-PSNM.jpg 1368w\" sizes=\"auto, (max-width: 780px) 100vw, 780px\" \/><\/div>\n\t\t<\/figure>\n\t<\/div>\n<\/div><\/div><\/div><div class=\"wpb_column vc_column_container vc_col-sm-6\"><div class=\"vc_column-inner vc_custom_1670928482382\"><div class=\"wpb_wrapper\">\n\t<div class=\"wpb_text_column wpb_content_element\" >\n\t\t<div class=\"wpb_wrapper\">\n\t\t\t<h6>BIO<\/h6>\n\n\t\t<\/div>\n\t<\/div>\n\n\t<div class=\"wpb_text_column wpb_content_element vc_custom_1738291254416\" >\n\t\t<div class=\"wpb_wrapper\">\n\t\t\t<p class=\"has-text-align-justify\"><span style=\"color: #000000;\">My adventure with the world of fashion officially began atop the Indian Himalayas, at an altitude of 6500 feet, in a town called Dharamsala. I had been volunteering at a Tibetan traditional attire workshop for about three months. The richness in human relations and my encounter with the Dalai Lama were profoundly inspirational for my life\u2019s journey. Upon returning to Montreal, I began my studies in fashion, in the spirit of utilizing clothes as a canvas for both my political convictions and artistic statements.<\/span><\/p>\n<p class=\"has-text-align-justify\"><span style=\"color: #000000;\">Depuis, j\u2019ai accumul\u00e9 plus de 15 ans d\u2019exp\u00e9rience dans la mode dont trois ans pass\u00e9s \u00e0 Beijing \u00e0 travailler pour l\u2019un des plus gros d\u00e9taillant de v\u00eatements de Chine. C\u2019est en 2015, que j\u2019\u00e9prouve un r\u00e9el malaise envers le rythme effr\u00e9n\u00e9 de cr\u00e9ation des v\u00eatements et la fa\u00e7on dont toute l\u2019industrie de la mode op\u00e8re. La mode et le textile me passionnent, mais comment continuer de cr\u00e9er des v\u00eatements et de faire mon m\u00e9tier quand 150 milliards de v\u00eatements sont produits chaque ann\u00e9e et que 99% de ceux-ci finiront \u00e0 l\u2019enfouissement. Dur constat.<\/span><\/p>\n<p class=\"has-text-align-justify\"><span style=\"color: #000000;\">Le jeans est mon v\u00eatement de pr\u00e9dilection. Aujourd\u2019hui, je propose des tutos et des patrons t\u00e9l\u00e9chargeables afin de faciliter la r\u00e9utilisation de ce v\u00eatement embl\u00e9matique. Tout \u00e7a dans le but de prolonger le cycle de vie et rendre hommage aux ressources naturelles et humaines qui ont particip\u00e9 \u00e0 sa fabrication. De fil en aiguille, plusieurs conf\u00e9rences dans les \u00e9coles pour sensibiliser \u00e0 une mode alternative, cr\u00e9ative et durable. Avec un fort d\u00e9sir d\u2019\u00e9veiller les consciences \u00e0 la valorisation textile et \u00e0 l\u2019entrepreneuriat vert, j\u2019accompagne des \u00e9tudiants.es \u00e0 l\u2019implantation de Garde-Robe Collective dans leur milieu en plus de donner des ateliers d\u2019initiation \u00e0 la r\u00e9paration et transformation de v\u00eatements.<\/span><\/p>\n\n\t\t<\/div>\n\t<\/div>\n<div class=\"vc_empty_space\"   style=\"height: 50px\"><span class=\"vc_empty_space_inner\"><\/span><\/div><div class=\"vc_btn3-container  wpb_animate_when_almost_visible wpb_fadeIn fadeIn vc_btn3-inline vc_do_btn\" ><button class=\"vc_general vc_btn3 vc_btn3-size-md vc_btn3-shape-rounded vc_btn3-style-modern vc_btn3-color-black\">Abonnes-toi \u00e0 mon infolettre<\/button><\/div><\/div><\/div><\/div><\/div><div data-vc-full-width=\"true\" data-vc-full-width-temp=\"true\" data-vc-full-width-init=\"false\" data-vc-stretch-content=\"true\" class=\"vc_row wpb_row vc_row-fluid wpb_animate_when_almost_visible wpb_fadeIn fadeIn vc_custom_1487944977734 vc_row-o-content-middle vc_row-flex\"><div class=\"wpb_column vc_column_container vc_col-sm-6\"><div class=\"vc_column-inner vc_custom_1484861842122\"><div class=\"wpb_wrapper\">\n\t<div  class=\"wpb_single_image wpb_content_element vc_align_right wpb_content_element\">\n\t\t\n\t\t<figure class=\"wpb_wrapper vc_figure\">\n\t\t\t<div class=\"vc_single_image-wrapper   vc_box_border_grey\"><img loading=\"lazy\" decoding=\"async\" width=\"748\" height=\"735\" src=\"https:\/\/denimupcyclers.com\/wp-content\/uploads\/2022\/12\/retaille-kinsu.png\" class=\"vc_single_image-img attachment-large\" alt=\"\" title=\"retaille kinsu\" srcset=\"https:\/\/denimupcyclers.com\/wp-content\/uploads\/2022\/12\/retaille-kinsu.png 748w, https:\/\/denimupcyclers.com\/wp-content\/uploads\/2022\/12\/retaille-kinsu-300x295.png 300w, https:\/\/denimupcyclers.com\/wp-content\/uploads\/2022\/12\/retaille-kinsu-12x12.png 12w\" sizes=\"auto, (max-width: 748px) 100vw, 748px\" \/><\/div>\n\t\t<\/figure>\n\t<\/div>\n<\/div><\/div><\/div><div class=\"wpb_column vc_column_container vc_col-sm-6\"><div class=\"vc_column-inner vc_custom_1484861833234\"><div class=\"wpb_wrapper\">\n\t<div  class=\"wpb_single_image wpb_content_element vc_align_left wpb_content_element\">\n\t\t\n\t\t<figure class=\"wpb_wrapper vc_figure\">\n\t\t\t<div class=\"vc_single_image-wrapper   vc_box_border_grey\"><img decoding=\"async\" class=\"vc_single_image-img\" src=\"https:\/\/denimupcyclers.com\/wp-content\/uploads\/2021\/02\/petite-fleur-3-650x441.jpg\" width=\"650\" height=\"441\" alt=\"petite-fleur-3\" title=\"petite-fleur-3\" loading=\"lazy\" \/><\/div>\n\t\t<\/figure>\n\t<\/div>\n<\/div><\/div><\/div><\/div><div class=\"vc_row-full-width vc_clearfix\"><\/div><div class=\"vc_row wpb_row vc_row-fluid\"><div class=\"wpb_column vc_column_container vc_col-sm-12\"><div class=\"vc_column-inner\"><div class=\"wpb_wrapper\"><div class=\"vc_empty_space\"   style=\"height: 32px\"><span class=\"vc_empty_space_inner\"><\/span><\/div>\n<div class=\"vc-zigzag-wrapper vc-zigzag-align-center\"><div class=\"vc-zigzag-inner\" style=\"width: 100%;min-height: 17px;background: 0 repeat-x url(&#039;data:image\/svg+xml;utf-8,%3C%3Fxml%20version%3D%221.0%22%20encoding%3D%22utf-8%22%3F%3E%3C%21DOCTYPE%20svg%20PUBLIC%20%22-%2F%2FW3C%2F%2FDTD%20SVG%201.1%2F%2FEN%22%20%22http%3A%2F%2Fwww.w3.org%2FGraphics%2FSVG%2F1.1%2FDTD%2Fsvg11.dtd%22%3E%3Csvg%20width%3D%2217px%22%20height%3D%2215px%22%20viewBox%3D%220%200%2018%2015%22%20version%3D%221.1%22%20xmlns%3D%22http%3A%2F%2Fwww.w3.org%2F2000%2Fsvg%22%20xmlns%3Axlink%3D%22http%3A%2F%2Fwww.w3.org%2F1999%2Fxlink%22%3E%3Cpolygon%20id%3D%22Combined-Shape%22%20fill%3D%22%232a2a2a%22%20points%3D%228.98762301%200%200%209.12771969%200%2014.519983%209%205.40479869%2018%2014.519983%2018%209.12771969%22%3E%3C%2Fpolygon%3E%3C%2Fsvg%3E&#039;);\"><\/div><\/div>\n<div class=\"vc-zigzag-wrapper vc-zigzag-align-center\"><div class=\"vc-zigzag-inner\" style=\"width: 100%;min-height: 17px;background: 0 repeat-x url(&#039;data:image\/svg+xml;utf-8,%3C%3Fxml%20version%3D%221.0%22%20encoding%3D%22utf-8%22%3F%3E%3C%21DOCTYPE%20svg%20PUBLIC%20%22-%2F%2FW3C%2F%2FDTD%20SVG%201.1%2F%2FEN%22%20%22http%3A%2F%2Fwww.w3.org%2FGraphics%2FSVG%2F1.1%2FDTD%2Fsvg11.dtd%22%3E%3Csvg%20width%3D%2217px%22%20height%3D%2215px%22%20viewBox%3D%220%200%2018%2015%22%20version%3D%221.1%22%20xmlns%3D%22http%3A%2F%2Fwww.w3.org%2F2000%2Fsvg%22%20xmlns%3Axlink%3D%22http%3A%2F%2Fwww.w3.org%2F1999%2Fxlink%22%3E%3Cpolygon%20id%3D%22Combined-Shape%22%20fill%3D%22%23bdc7ff%22%20points%3D%228.98762301%200%200%209.12771969%200%2014.519983%209%205.40479869%2018%2014.519983%2018%209.12771969%22%3E%3C%2Fpolygon%3E%3C%2Fsvg%3E&#039;);\"><\/div><\/div><\/div><\/div><\/div><\/div><div class=\"vc_row wpb_row vc_row-fluid vc_custom_1672285170027\"><div class=\"wpb_column vc_column_container vc_col-sm-12\"><div class=\"vc_column-inner\"><div class=\"wpb_wrapper\">\n<div class=\"vc_grid-container-wrapper vc_clearfix vc_grid-animation-fadeIn\">\n\t<div class=\"vc_grid-container vc_clearfix wpb_content_element vc_basic_grid\" data-initial-loading-animation=\"fadeIn\" data-vc-grid-settings=\"{&quot;page_id&quot;:507,&quot;style&quot;:&quot;pagination&quot;,&quot;action&quot;:&quot;vc_get_vc_grid_data&quot;,&quot;shortcode_id&quot;:&quot;1738290984087-0769e0db-6020-7&quot;,&quot;items_per_page&quot;:&quot;3&quot;,&quot;auto_play&quot;:false,&quot;gap&quot;:35,&quot;speed&quot;:-1000,&quot;loop&quot;:&quot;&quot;,&quot;animation_in&quot;:&quot;&quot;,&quot;animation_out&quot;:&quot;&quot;,&quot;arrows_design&quot;:&quot;none&quot;,&quot;arrows_color&quot;:&quot;blue&quot;,&quot;arrows_position&quot;:&quot;inside&quot;,&quot;paging_design&quot;:&quot;radio_dots&quot;,&quot;paging_color&quot;:&quot;grey&quot;,&quot;tag&quot;:&quot;vc_basic_grid&quot;}\" data-vc-request=\"https:\/\/denimupcyclers.com\/wp-admin\/admin-ajax.php\" data-vc-post-id=\"507\" data-vc-public-nonce=\"243f299cc9\">\n\t\t\n\t<\/div>\n<\/div><\/div><\/div><\/div><\/div>\n<\/div>","protected":false},"excerpt":{"rendered":"Coucou je m'appelle Ariane BIO Mon aventure avec le monde de la mode a officiellement d\u00e9but\u00e9e dans l\u2019Himalaya indien, \u00e0 2000 m\u00e8tres d\u2019altitude, dans le petit village de Daramshala o\u00f9 j\u2019ai \u00e9t\u00e9 b\u00e9n\u00e9vole dans un atelier de fabrication de costumes traditionnels Tib\u00e9tain pendant trois mois. La richesse des relations humaines et ma rencontre avec le [...]","protected":false},"author":1,"featured_media":0,"parent":0,"menu_order":0,"comment_status":"closed","ping_status":"closed","template":"page-boxed.php","meta":{"footnotes":""},"class_list":["post-507","page","type-page","status-publish","hentry"],"jetpack_sharing_enabled":true,"jetpack-related-posts":[{"id":6706,"url":"https:\/\/denimupcyclers.com\/en\/home-denim-upcyclers-community\/","url_meta":{"origin":507,"position":0},"title":"HOME-Denim upcyclers community","author":"ariane","date":"September 24, 2025","format":false,"excerpt":"","rel":"","context":"Similar post","block_context":{"text":"Similar post","link":""},"img":{"alt_text":"","src":"","width":0,"height":0},"classes":[]},{"id":5576,"url":"https:\/\/denimupcyclers.com\/en\/home-coudre-avec-ariane\/","url_meta":{"origin":507,"position":1},"title":"HOME-Coudre avec Ariane","author":"ariane","date":"January 31, 2025","format":false,"excerpt":"","rel":"","context":"Similar post","block_context":{"text":"Similar post","link":""},"img":{"alt_text":"","src":"","width":0,"height":0},"classes":[]},{"id":7296,"url":"https:\/\/denimupcyclers.com\/en\/","url_meta":{"origin":507,"position":2},"title":"Home \u2014 DENIM UPCYLERS &#8211; JANVIER 2026","author":"ariane","date":"January 26, 2026","format":false,"excerpt":"","rel":"","context":"Similar post","block_context":{"text":"Similar post","link":""},"img":{"alt_text":"","src":"","width":0,"height":0},"classes":[]}],"_links":{"self":[{"href":"https:\/\/denimupcyclers.com\/en\/wp-json\/wp\/v2\/pages\/507","targetHints":{"allow":["GET"]}}],"collection":[{"href":"https:\/\/denimupcyclers.com\/en\/wp-json\/wp\/v2\/pages"}],"about":[{"href":"https:\/\/denimupcyclers.com\/en\/wp-json\/wp\/v2\/types\/page"}],"author":[{"embeddable":true,"href":"https:\/\/denimupcyclers.com\/en\/wp-json\/wp\/v2\/users\/1"}],"replies":[{"embeddable":true,"href":"https:\/\/denimupcyclers.com\/en\/wp-json\/wp\/v2\/comments?post=507"}],"version-history":[{"count":8,"href":"https:\/\/denimupcyclers.com\/en\/wp-json\/wp\/v2\/pages\/507\/revisions"}],"predecessor-version":[{"id":5710,"href":"https:\/\/denimupcyclers.com\/en\/wp-json\/wp\/v2\/pages\/507\/revisions\/5710"}],"wp:attachment":[{"href":"https:\/\/denimupcyclers.com\/en\/wp-json\/wp\/v2\/media?parent=507"}],"curies":[{"name":"wp","href":"https:\/\/api.w.org\/{rel}","templated":true}]}}