{"id":5471,"date":"2025-01-17T20:11:37","date_gmt":"2025-01-17T20:11:37","guid":{"rendered":"https:\/\/denimupcyclers.com\/?page_id=5471"},"modified":"2025-02-21T15:39:21","modified_gmt":"2025-02-21T15:39:21","slug":"articles-de-couture-et-ressources-recommandes","status":"publish","type":"page","link":"https:\/\/denimupcyclers.com\/en\/articles-de-couture-et-ressources-recommandes\/","title":{"rendered":"TOOLS BOX"},"content":{"rendered":"<div class=\"wpb-content-wrapper\"><div data-vc-full-width=\"true\" data-vc-full-width-temp=\"true\" data-vc-full-width-init=\"false\" data-vc-stretch-content=\"true\" data-vc-parallax=\"1.5\" data-vc-parallax-image=\"https:\/\/denimupcyclers.com\/wp-content\/uploads\/2025\/01\/IMG_9223-scaled.jpg\" class=\"vc_row wpb_row vc_row-fluid wpb_animate_when_almost_visible wpb_fadeIn fadeIn vc_custom_1737126423407 vc_row-has-fill vc_row-no-padding vc_general vc_parallax vc_parallax-content-moving\"><div class=\"wpb_column vc_column_container vc_col-sm-12\"><div class=\"vc_column-inner\"><div class=\"wpb_wrapper\"><div class=\"vc_empty_space\"   style=\"height: 800px\"><span class=\"vc_empty_space_inner\"><\/span><\/div><\/div><\/div><\/div><\/div><div class=\"vc_row-full-width vc_clearfix\"><\/div><div class=\"vc_row wpb_row vc_row-fluid vc_custom_1484860147894\"><div class=\"wpb_column vc_column_container vc_col-sm-12\"><div class=\"vc_column-inner\"><div class=\"wpb_wrapper\">\n\t<div class=\"wpb_text_column wpb_content_element\" >\n\t\t<div class=\"wpb_wrapper\">\n\t\t\t<h6>ABOUT THE TOOLS AND RESOURCES, I RECOMMEND<\/h6>\n\n\t\t<\/div>\n\t<\/div>\n\n\t<div class=\"wpb_text_column wpb_content_element\" >\n\t\t<div class=\"wpb_wrapper\">\n\t\t\t<h1>Start creating with tools that inspire you!<\/h1>\n\n\t\t<\/div>\n\t<\/div>\n<div class=\"vc_row wpb_row vc_inner vc_row-fluid\"><div class=\"wpb_column vc_column_container vc_col-sm-12\"><div class=\"vc_column-inner\"><div class=\"wpb_wrapper\">\n\t<div class=\"wpb_text_column wpb_content_element\" >\n\t\t<div class=\"wpb_wrapper\">\n\t\t\t<p style=\"text-align: justify;\">I started sewing at 12 with tools I found at thrift shops, and if you\u2019re just starting, I recommend doing the same. A needle, thread, scissors, measuring tape, and pins\u2014plus a few pairs of old jeans, a couple of ideas, and a bit of courage\u2014and voil\u00e0!<\/p>\n\n\t\t<\/div>\n\t<\/div>\n\n\t<div class=\"wpb_text_column wpb_content_element\" >\n\t\t<div class=\"wpb_wrapper\">\n\t\t\t<p style=\"text-align: justify;\">That being said, each item in these kits has been carefully curated and personally tested by me. I value tools that are built to last and perform. Whether you\u2019re looking to invest in the right tools from the start or upgrade your current setup, this page has you covered.<\/p>\n\n\t\t<\/div>\n\t<\/div>\n<\/div><\/div><\/div><\/div><div class=\"vc_empty_space\"   style=\"height: 32px\"><span class=\"vc_empty_space_inner\"><\/span><\/div>\n\t<div class=\"wpb_text_column wpb_content_element\" >\n\t\t<div class=\"wpb_wrapper\">\n\t\t\t<h4 style=\"text-align: left;\">Before stitching in \u2013 an important disclosure:<\/h4>\n<p>&nbsp;<\/p>\n<p style=\"text-align: justify;\">Where possible, I register as an affiliate for the products I use and recommend. Many of the links I share on this page are affiliate links, which means if you click these links and make a purchase, I may earn a commission. This commission comes at no additional cost to you, and in some cases, these links may even unlock savings or give you additional bonuses I\u2019ve negotiated. You can check out my full <a href=\"https:\/\/denimupcyclers.com\/en\/marketing-affilie\/\">Affiliate Disclosure here.<\/a><\/p>\n\n\t\t<\/div>\n\t<\/div>\n<div class=\"vc_empty_space\"   style=\"height: 32px\"><span class=\"vc_empty_space_inner\"><\/span><\/div><div class=\"vc_btn3-container vc_btn3-inline vc_do_btn\" ><a onmouseleave=\"this.style.borderColor='#353635'; this.style.backgroundColor='transparent'; this.style.color='#353635'\" onmouseenter=\"this.style.borderColor='#353635'; this.style.backgroundColor='#353635'; this.style.color='#ffffff';\" style=\"border-color:#353635; color:#353635;\" class=\"vc_general vc_btn3 vc_btn3-size-md vc_btn3-shape-rounded vc_btn3-style-outline-custom\" href=\"https:\/\/denimupcycler.com\/marketing-affilie\/\" title=\"Affiliate marketing\">Read full Affiliate Disclosure<\/a><\/div><div class=\"vc_empty_space\"   style=\"height: 70px\"><span class=\"vc_empty_space_inner\"><\/span><\/div><div class=\"vc_separator wpb_content_element vc_separator_align_center vc_sep_width_100 vc_sep_border_width_5 vc_sep_pos_align_center vc_separator_no_text wpb_content_element  wpb_content_element\" ><span class=\"vc_sep_holder vc_sep_holder_l\"><span style=\"border-color:#353635;\" class=\"vc_sep_line\"><\/span><\/span><span class=\"vc_sep_holder vc_sep_holder_r\"><span style=\"border-color:#353635;\" class=\"vc_sep_line\"><\/span><\/span>\n<\/div><div class=\"vc_empty_space\"   style=\"height: 80px\"><span class=\"vc_empty_space_inner\"><\/span><\/div><\/div><\/div><\/div><\/div><div data-vc-full-width=\"true\" data-vc-full-width-temp=\"true\" data-vc-full-width-init=\"false\" data-vc-stretch-content=\"true\" class=\"vc_row wpb_row vc_row-fluid vc_column-gap-10 vc_row-o-full-height vc_row-o-columns-top vc_row-o-equal-height vc_row-o-content-top vc_row-flex\"><div class=\"wpb_column vc_column_container vc_col-sm-4\"><div class=\"vc_column-inner vc_custom_1737131200965\"><div class=\"wpb_wrapper\">\n\t<div class=\"wpb_text_column wpb_content_element\" >\n\t\t<div class=\"wpb_wrapper\">\n\t\t\t<h3 style=\"text-align: center;\">Essentials tool kit<\/h3>\n\n\t\t<\/div>\n\t<\/div>\n\n\t<div  class=\"wpb_single_image wpb_content_element vc_align_center wpb_content_element\">\n\t\t\n\t\t<figure class=\"wpb_wrapper vc_figure\">\n\t\t\t<a href=\"https:\/\/kit.co\/Denimupcyclers\/essentials-sewing-tools-kit\" target=\"_blank\" class=\"vc_single_image-wrapper vc_box_circle  vc_box_border_grey\"><img loading=\"lazy\" decoding=\"async\" width=\"300\" height=\"300\" src=\"https:\/\/denimupcyclers.com\/wp-content\/uploads\/2025\/02\/Ariane-brunet-juteau-denim-upcycler-49-300x300.jpg\" class=\"vc_single_image-img attachment-medium\" alt=\"\" title=\"Ariane brunet juteau denim upcycler-49\" srcset=\"https:\/\/denimupcyclers.com\/wp-content\/uploads\/2025\/02\/Ariane-brunet-juteau-denim-upcycler-49-300x300.jpg 300w, https:\/\/denimupcyclers.com\/wp-content\/uploads\/2025\/02\/Ariane-brunet-juteau-denim-upcycler-49-1024x1024.jpg 1024w, https:\/\/denimupcyclers.com\/wp-content\/uploads\/2025\/02\/Ariane-brunet-juteau-denim-upcycler-49-150x150.jpg 150w, https:\/\/denimupcyclers.com\/wp-content\/uploads\/2025\/02\/Ariane-brunet-juteau-denim-upcycler-49-768x768.jpg 768w, https:\/\/denimupcyclers.com\/wp-content\/uploads\/2025\/02\/Ariane-brunet-juteau-denim-upcycler-49-1536x1536.jpg 1536w, https:\/\/denimupcyclers.com\/wp-content\/uploads\/2025\/02\/Ariane-brunet-juteau-denim-upcycler-49-12x12.jpg 12w, https:\/\/denimupcyclers.com\/wp-content\/uploads\/2025\/02\/Ariane-brunet-juteau-denim-upcycler-49-1320x1320.jpg 1320w, https:\/\/denimupcyclers.com\/wp-content\/uploads\/2025\/02\/Ariane-brunet-juteau-denim-upcycler-49-920x920.jpg 920w, https:\/\/denimupcyclers.com\/wp-content\/uploads\/2025\/02\/Ariane-brunet-juteau-denim-upcycler-49-100x100.jpg 100w, https:\/\/denimupcyclers.com\/wp-content\/uploads\/2025\/02\/Ariane-brunet-juteau-denim-upcycler-49.jpg 1600w\" sizes=\"auto, (max-width: 300px) 100vw, 300px\" \/><\/a>\n\t\t<\/figure>\n\t<\/div>\n<div class=\"vc_btn3-container  wpb_animate_when_almost_visible wpb_fadeIn fadeIn vc_btn3-center vc_custom_1737165364639 vc_do_btn\" ><a style=\"background-color:#ced9f4; color:#353635;\" class=\"vc_general vc_btn3 vc_btn3-size-lg vc_btn3-shape-rounded vc_btn3-style-custom vc_btn3-block\" href=\"https:\/\/kit.co\/Denimupcyclers\/essentials-sewing-tools-kit\" title=\"\">SEE KIT<\/a><\/div>\n\t<div class=\"wpb_text_column wpb_content_element\" >\n\t\t<div class=\"wpb_wrapper\">\n\t\t\t<p style=\"text-align: justify;\">What I love about sewing is how accessible it is. With just a needle, some thread, a few fabric scraps, and even a simple X-Acto knife, you can get started! That said, the more you sew, the more you develop your skills, and with those skills comes the desire to work with high-quality, efficient tools.<\/p>\n<p style=\"text-align: justify;\">Don\u2019t hesitate to experiment with what you already have on hand. But if you\u2019re curious to discover my favorite tools or looking to upgrade your current sewing kit, I invite you to explore my essentials kit.<\/p>\n\n\t\t<\/div>\n\t<\/div>\n<\/div><\/div><\/div><div class=\"wpb_column vc_column_container vc_col-sm-4\"><div class=\"vc_column-inner vc_custom_1737131211003\"><div class=\"wpb_wrapper\">\n\t<div class=\"wpb_text_column wpb_content_element\" >\n\t\t<div class=\"wpb_wrapper\">\n\t\t\t<h3 style=\"text-align: center;\">Visible mending tool kit<\/h3>\n\n\t\t<\/div>\n\t<\/div>\n\n\t<div  class=\"wpb_single_image wpb_content_element vc_align_center wpb_content_element\">\n\t\t\n\t\t<figure class=\"wpb_wrapper vc_figure\">\n\t\t\t<div class=\"vc_single_image-wrapper vc_box_circle  vc_box_border_grey\"><img loading=\"lazy\" decoding=\"async\" width=\"300\" height=\"300\" src=\"https:\/\/denimupcyclers.com\/wp-content\/uploads\/2025\/02\/Ariane-brunet-juteau-denim-upcycler-39-300x300.jpg\" class=\"vc_single_image-img attachment-medium\" alt=\"\" title=\"Ariane brunet juteau denim upcycler-39\" srcset=\"https:\/\/denimupcyclers.com\/wp-content\/uploads\/2025\/02\/Ariane-brunet-juteau-denim-upcycler-39-300x300.jpg 300w, https:\/\/denimupcyclers.com\/wp-content\/uploads\/2025\/02\/Ariane-brunet-juteau-denim-upcycler-39-1024x1024.jpg 1024w, https:\/\/denimupcyclers.com\/wp-content\/uploads\/2025\/02\/Ariane-brunet-juteau-denim-upcycler-39-150x150.jpg 150w, https:\/\/denimupcyclers.com\/wp-content\/uploads\/2025\/02\/Ariane-brunet-juteau-denim-upcycler-39-768x768.jpg 768w, https:\/\/denimupcyclers.com\/wp-content\/uploads\/2025\/02\/Ariane-brunet-juteau-denim-upcycler-39-1536x1536.jpg 1536w, https:\/\/denimupcyclers.com\/wp-content\/uploads\/2025\/02\/Ariane-brunet-juteau-denim-upcycler-39-12x12.jpg 12w, https:\/\/denimupcyclers.com\/wp-content\/uploads\/2025\/02\/Ariane-brunet-juteau-denim-upcycler-39-1320x1320.jpg 1320w, https:\/\/denimupcyclers.com\/wp-content\/uploads\/2025\/02\/Ariane-brunet-juteau-denim-upcycler-39-920x920.jpg 920w, https:\/\/denimupcyclers.com\/wp-content\/uploads\/2025\/02\/Ariane-brunet-juteau-denim-upcycler-39-100x100.jpg 100w, https:\/\/denimupcyclers.com\/wp-content\/uploads\/2025\/02\/Ariane-brunet-juteau-denim-upcycler-39.jpg 1600w\" sizes=\"auto, (max-width: 300px) 100vw, 300px\" \/><\/div>\n\t\t<\/figure>\n\t<\/div>\n<div class=\"vc_btn3-container  wpb_animate_when_almost_visible wpb_fadeIn fadeIn vc_btn3-center vc_custom_1740150197830 vc_do_btn\" ><a style=\"background-color:#ced9f4; color:#353635;\" class=\"vc_general vc_btn3 vc_btn3-size-lg vc_btn3-shape-rounded vc_btn3-style-custom vc_btn3-block\" href=\"https:\/\/kit.co\/Denimupcyclers\/visible-mending-kit\" title=\"\">SEE KIT<\/a><\/div>\n\t<div class=\"wpb_text_column wpb_content_element\" >\n\t\t<div class=\"wpb_wrapper\">\n\t\t\t<p style=\"text-align: justify;\">What a joy to repair while making things more beautiful! Visible mending offers the promise of uniqueness, created one stitch at a time, guided by your intuition. To explore this technique with your favorite old jeans, choose sturdy needles suited for denim, as thinner ones may break. A thimble will also make the experience much more enjoyable.<\/p>\n<p style=\"text-align: justify;\">My wish? That you grow to love this creative process and decorate your jeans with unique visible mends. I invite you to discover my visible mending kit to get started on the right foot!<\/p>\n\n\t\t<\/div>\n\t<\/div>\n<\/div><\/div><\/div><div class=\"wpb_column vc_column_container vc_col-sm-4\"><div class=\"vc_column-inner vc_custom_1737132311347\"><div class=\"wpb_wrapper\">\n\t<div class=\"wpb_text_column wpb_content_element\" >\n\t\t<div class=\"wpb_wrapper\">\n\t\t\t<h3 style=\"text-align: center;\">Cutting kit<\/h3>\n\n\t\t<\/div>\n\t<\/div>\n\n\t<div  class=\"wpb_single_image wpb_content_element vc_align_center wpb_content_element\">\n\t\t\n\t\t<figure class=\"wpb_wrapper vc_figure\">\n\t\t\t<a href=\"https:\/\/kit.co\/Denimupcyclers\/essentials-sewing-tools-kit\" target=\"_blank\" class=\"vc_single_image-wrapper vc_box_circle  vc_box_border_grey\"><img loading=\"lazy\" decoding=\"async\" width=\"300\" height=\"300\" src=\"https:\/\/denimupcyclers.com\/wp-content\/uploads\/2025\/02\/coudre-avec-Ariane-denim-upcycler-22-300x300.jpg\" class=\"vc_single_image-img attachment-medium\" alt=\"\" title=\"coudre avec Ariane denim upcycler-22\" srcset=\"https:\/\/denimupcyclers.com\/wp-content\/uploads\/2025\/02\/coudre-avec-Ariane-denim-upcycler-22-300x300.jpg 300w, https:\/\/denimupcyclers.com\/wp-content\/uploads\/2025\/02\/coudre-avec-Ariane-denim-upcycler-22-1024x1024.jpg 1024w, https:\/\/denimupcyclers.com\/wp-content\/uploads\/2025\/02\/coudre-avec-Ariane-denim-upcycler-22-150x150.jpg 150w, https:\/\/denimupcyclers.com\/wp-content\/uploads\/2025\/02\/coudre-avec-Ariane-denim-upcycler-22-768x768.jpg 768w, https:\/\/denimupcyclers.com\/wp-content\/uploads\/2025\/02\/coudre-avec-Ariane-denim-upcycler-22-1536x1536.jpg 1536w, https:\/\/denimupcyclers.com\/wp-content\/uploads\/2025\/02\/coudre-avec-Ariane-denim-upcycler-22-12x12.jpg 12w, https:\/\/denimupcyclers.com\/wp-content\/uploads\/2025\/02\/coudre-avec-Ariane-denim-upcycler-22-1320x1320.jpg 1320w, https:\/\/denimupcyclers.com\/wp-content\/uploads\/2025\/02\/coudre-avec-Ariane-denim-upcycler-22-920x920.jpg 920w, https:\/\/denimupcyclers.com\/wp-content\/uploads\/2025\/02\/coudre-avec-Ariane-denim-upcycler-22-100x100.jpg 100w, https:\/\/denimupcyclers.com\/wp-content\/uploads\/2025\/02\/coudre-avec-Ariane-denim-upcycler-22.jpg 1600w\" sizes=\"auto, (max-width: 300px) 100vw, 300px\" \/><\/a>\n\t\t<\/figure>\n\t<\/div>\n<div class=\"vc_btn3-container  wpb_animate_when_almost_visible wpb_fadeIn fadeIn vc_btn3-center vc_custom_1740152358458 vc_do_btn\" ><a style=\"background-color:#ced9f4; color:#353635;\" class=\"vc_general vc_btn3 vc_btn3-size-lg vc_btn3-shape-rounded vc_btn3-style-custom vc_btn3-block\" href=\"https:\/\/kit.co\/Denimupcyclers\/cutting-tools\" title=\"\">SEE KIT<\/a><\/div>\n\t<div class=\"wpb_text_column wpb_content_element\" >\n\t\t<div class=\"wpb_wrapper\">\n\t\t\t<p style=\"text-align: justify;\">Deconstructing old jeans is a fascinating topic for all denim upcyclers, whether beginners or experts! A simple seam ripper can do the job, but it\u2019s not always the most efficient method.<\/p>\n<p style=\"text-align: justify;\">I have a few favorite tools to make this step faster and more enjoyable, and I\u2019ve grouped them into a kit designed specifically to simplify the process of taking apart jeans. With the right tools, deconstruction can become a meditative moment and a great opportunity to explore how jeans are made while preparing for your next upcycling project.<\/p>\n\n\t\t<\/div>\n\t<\/div>\n<\/div><\/div><\/div><\/div><div class=\"vc_row-full-width vc_clearfix\"><\/div><div class=\"vc_row wpb_row vc_row-fluid vc_custom_1484860735616\"><div class=\"wpb_column vc_column_container vc_col-sm-2\"><div class=\"vc_column-inner\"><div class=\"wpb_wrapper\"><\/div><\/div><\/div><div class=\"wpb_column vc_column_container vc_col-sm-8\"><div class=\"vc_column-inner\"><div class=\"wpb_wrapper\">\n\t<div class=\"wpb_text_column wpb_content_element\" >\n\t\t<div class=\"wpb_wrapper\">\n\t\t\t<p style=\"text-align: center;\">As an Amazon Associate I earn from qualifying purchases.<\/p>\n\n\t\t<\/div>\n\t<\/div>\n<div class=\"vc_btn3-container vc_btn3-center vc_do_btn\" ><a onmouseleave=\"this.style.borderColor='#353635'; this.style.backgroundColor='transparent'; this.style.color='#353635'\" onmouseenter=\"this.style.borderColor='#353635'; this.style.backgroundColor='#353635'; this.style.color='#ffffff';\" style=\"border-color:#353635; color:#353635;\" class=\"vc_general vc_btn3 vc_btn3-size-md vc_btn3-shape-rounded vc_btn3-style-outline-custom\" href=\"https:\/\/denimupcycler.com\/marketing-affilie\/\" title=\"Affiliate marketing\">READ MORE<\/a><\/div><\/div><\/div><\/div><div class=\"wpb_column vc_column_container vc_col-sm-2\"><div class=\"vc_column-inner\"><div class=\"wpb_wrapper\"><\/div><\/div><\/div><\/div>\n<\/div>","protected":false},"excerpt":{"rendered":"\u00c0 PROPOS DES OUTILS ET RESSOURCES QUE JE RECOMMANDE Couds avec des outils qui t'inspire J\u2019ai commenc\u00e9 \u00e0 coudre \u00e0 l\u2019\u00e2ge de 12 ans avec des outils trouv\u00e9s en friperies. Si tu d\u00e9butes, je te recommande d\u2019en faire tout autant! Une aiguille, du fil, des ciseaux, un ruban \u00e0 mesurer des \u00e9pingles, quelques vieux jeans, [...]","protected":false},"author":1,"featured_media":0,"parent":0,"menu_order":0,"comment_status":"closed","ping_status":"closed","template":"page-boxed.php","meta":{"footnotes":""},"class_list":["post-5471","page","type-page","status-publish","hentry"],"jetpack_sharing_enabled":true,"jetpack-related-posts":[{"id":5576,"url":"https:\/\/denimupcyclers.com\/en\/home-coudre-avec-ariane\/","url_meta":{"origin":5471,"position":0},"title":"HOME-Coudre avec Ariane","author":"ariane","date":"January 31, 2025","format":false,"excerpt":"","rel":"","context":"Similar post","block_context":{"text":"Similar post","link":""},"img":{"alt_text":"","src":"","width":0,"height":0},"classes":[]},{"id":6706,"url":"https:\/\/denimupcyclers.com\/en\/home-denim-upcyclers-community\/","url_meta":{"origin":5471,"position":1},"title":"HOME-Denim upcyclers community","author":"ariane","date":"September 24, 2025","format":false,"excerpt":"","rel":"","context":"Similar post","block_context":{"text":"Similar post","link":""},"img":{"alt_text":"","src":"","width":0,"height":0},"classes":[]},{"id":7296,"url":"https:\/\/denimupcyclers.com\/en\/","url_meta":{"origin":5471,"position":2},"title":"Home \u2014 DENIM UPCYLERS &#8211; JANVIER 2026","author":"ariane","date":"January 26, 2026","format":false,"excerpt":"","rel":"","context":"Similar post","block_context":{"text":"Similar post","link":""},"img":{"alt_text":"","src":"","width":0,"height":0},"classes":[]}],"_links":{"self":[{"href":"https:\/\/denimupcyclers.com\/en\/wp-json\/wp\/v2\/pages\/5471","targetHints":{"allow":["GET"]}}],"collection":[{"href":"https:\/\/denimupcyclers.com\/en\/wp-json\/wp\/v2\/pages"}],"about":[{"href":"https:\/\/denimupcyclers.com\/en\/wp-json\/wp\/v2\/types\/page"}],"author":[{"embeddable":true,"href":"https:\/\/denimupcyclers.com\/en\/wp-json\/wp\/v2\/users\/1"}],"replies":[{"embeddable":true,"href":"https:\/\/denimupcyclers.com\/en\/wp-json\/wp\/v2\/comments?post=5471"}],"version-history":[{"count":57,"href":"https:\/\/denimupcyclers.com\/en\/wp-json\/wp\/v2\/pages\/5471\/revisions"}],"predecessor-version":[{"id":5747,"href":"https:\/\/denimupcyclers.com\/en\/wp-json\/wp\/v2\/pages\/5471\/revisions\/5747"}],"wp:attachment":[{"href":"https:\/\/denimupcyclers.com\/en\/wp-json\/wp\/v2\/media?parent=5471"}],"curies":[{"name":"wp","href":"https:\/\/api.w.org\/{rel}","templated":true}]}}