{"id":3250,"date":"2022-12-05T03:37:11","date_gmt":"2022-12-05T03:37:11","guid":{"rendered":"https:\/\/kinsu.garderobecollective.ca\/?post_type=product&#038;p=3250"},"modified":"2022-12-05T03:49:28","modified_gmt":"2022-12-05T03:49:28","slug":"patron-de-sac-reutilisable","status":"publish","type":"product","link":"https:\/\/denimupcyclers.com\/en\/product\/patron-de-sac-reutilisable\/","title":{"rendered":"PATRON DE SAC R\u00c9UTILISABLE"},"content":{"rendered":"","protected":false},"excerpt":{"rendered":"<p>Fabriquer un sac r\u00e9utilisable en r\u00e9utilisant ses jeans est une bonne fa\u00e7on de r\u00e9duire, r\u00e9utiliser et recycler ses vieux v\u00eatement. Cr\u00e9atif et amusant ce projet de couture est simple et agr\u00e9able \u00e0 r\u00e9aliser!<\/p>\n<p>Veuillez noter que ceci est un produit num\u00e9rique t\u00e9l\u00e9chargeable et imprimable. Aucun produit physique ne sera livr\u00e9.<\/p>\n<p><strong>Le document PDF t\u00e9l\u00e9chargeable comprend:<\/strong><\/p>\n<ul>\n<li>Le patron imprimable en format lettre, noir et blanc.<\/li>\n<li>Des instructions en fran\u00e7ais et en anglais pour vous guider \u00e0 chaque \u00e9tape.<\/li>\n<li>Un lien vers la vid\u00e9o tuto YouTube.<\/li>\n<\/ul>","protected":false},"featured_media":3223,"comment_status":"closed","ping_status":"closed","template":"","meta":[],"product_brand":[],"product_cat":[184],"product_tag":[236,230,229,233,228,240,241,234,231,238,239,237,235],"class_list":{"0":"post-3250","1":"product","2":"type-product","3":"status-publish","4":"has-post-thumbnail","6":"product_cat-accessories","7":"product_tag-diy-sac-reutilisable","8":"product_tag-idees-de-projet-de-couture","9":"product_tag-idees-pour-recycler-ses-jeans","10":"product_tag-kinsu","11":"product_tag-patron-de-couture","12":"product_tag-patron-de-sac","13":"product_tag-patron-de-sac-tote","14":"product_tag-patron-kinsu","15":"product_tag-projet-de-couture-facile","16":"product_tag-sac-caban","17":"product_tag-sac-en-jeans","18":"product_tag-sac-tote","19":"product_tag-surcyclage-denim","21":"first","22":"instock","23":"downloadable","24":"shipping-taxable","25":"purchasable","26":"product-type-simple"},"jetpack_sharing_enabled":true,"jetpack-related-posts":[{"id":3346,"url":"https:\/\/denimupcyclers.com\/en\/product\/patron-de-stablier\/","url_meta":{"origin":3250,"position":0},"title":"APRON SEWING PATTERN","author":"ariane","date":"December 7, 2022","format":false,"excerpt":"Fabriquer un tablier en r\u00e9utilisant ses jeans est une bonne fa\u00e7on de r\u00e9duire, r\u00e9utiliser et recycler ses vieux v\u00eatement. Cr\u00e9atif et amusant ce projet de couture est simple et agr\u00e9able \u00e0 r\u00e9aliser! Veuillez noter que ceci est un produit num\u00e9rique t\u00e9l\u00e9chargeable et imprimable. Aucun produit physique ne sera livr\u00e9. Le\u2026","rel":"","context":"Similar post","block_context":{"text":"Similar post","link":""},"img":{"alt_text":"","src":"https:\/\/i0.wp.com\/denimupcyclers.com\/wp-content\/uploads\/2022\/12\/KINSU-APRON-feat-1.png?resize=350%2C200&ssl=1","width":350,"height":200,"srcset":"https:\/\/i0.wp.com\/denimupcyclers.com\/wp-content\/uploads\/2022\/12\/KINSU-APRON-feat-1.png?resize=350%2C200&ssl=1 1x, https:\/\/i0.wp.com\/denimupcyclers.com\/wp-content\/uploads\/2022\/12\/KINSU-APRON-feat-1.png?resize=525%2C300&ssl=1 1.5x, https:\/\/i0.wp.com\/denimupcyclers.com\/wp-content\/uploads\/2022\/12\/KINSU-APRON-feat-1.png?resize=700%2C400&ssl=1 2x"},"classes":[]},{"id":3018,"url":"https:\/\/denimupcyclers.com\/en\/product\/la-one-size-fits-all-shirt-copy\/","url_meta":{"origin":3250,"position":1},"title":"PATRON DE BAS DE NO\u00cbL","author":"ariane","date":"December 3, 2022","format":false,"excerpt":"Fabriquer des bas de No\u00ebl en r\u00e9utilisant ses jeans est une bonne fa\u00e7on de r\u00e9duire, r\u00e9utiliser et recycler ses vieux v\u00eatement. Cr\u00e9atif et amusant ce projet de couture est facile. Ajouter de la broderie ou m\u00eame des perles pour personnaliser chaque bas. Veuillez noter que ceci est un produit num\u00e9rique\u2026","rel":"","context":"Similar post","block_context":{"text":"Similar post","link":""},"img":{"alt_text":"","src":"https:\/\/i0.wp.com\/denimupcyclers.com\/wp-content\/uploads\/2022\/12\/Kinsu-upcycled-denim-christmas-socking-2.png?resize=350%2C200&ssl=1","width":350,"height":200,"srcset":"https:\/\/i0.wp.com\/denimupcyclers.com\/wp-content\/uploads\/2022\/12\/Kinsu-upcycled-denim-christmas-socking-2.png?resize=350%2C200&ssl=1 1x, https:\/\/i0.wp.com\/denimupcyclers.com\/wp-content\/uploads\/2022\/12\/Kinsu-upcycled-denim-christmas-socking-2.png?resize=525%2C300&ssl=1 1.5x, https:\/\/i0.wp.com\/denimupcyclers.com\/wp-content\/uploads\/2022\/12\/Kinsu-upcycled-denim-christmas-socking-2.png?resize=700%2C400&ssl=1 2x"},"classes":[]}],"_links":{"self":[{"href":"https:\/\/denimupcyclers.com\/en\/wp-json\/wp\/v2\/product\/3250","targetHints":{"allow":["GET"]}}],"collection":[{"href":"https:\/\/denimupcyclers.com\/en\/wp-json\/wp\/v2\/product"}],"about":[{"href":"https:\/\/denimupcyclers.com\/en\/wp-json\/wp\/v2\/types\/product"}],"replies":[{"embeddable":true,"href":"https:\/\/denimupcyclers.com\/en\/wp-json\/wp\/v2\/comments?post=3250"}],"wp:featuredmedia":[{"embeddable":true,"href":"https:\/\/denimupcyclers.com\/en\/wp-json\/wp\/v2\/media\/3223"}],"wp:attachment":[{"href":"https:\/\/denimupcyclers.com\/en\/wp-json\/wp\/v2\/media?parent=3250"}],"wp:term":[{"taxonomy":"product_brand","embeddable":true,"href":"https:\/\/denimupcyclers.com\/en\/wp-json\/wp\/v2\/product_brand?post=3250"},{"taxonomy":"product_cat","embeddable":true,"href":"https:\/\/denimupcyclers.com\/en\/wp-json\/wp\/v2\/product_cat?post=3250"},{"taxonomy":"product_tag","embeddable":true,"href":"https:\/\/denimupcyclers.com\/en\/wp-json\/wp\/v2\/product_tag?post=3250"}],"curies":[{"name":"wp","href":"https:\/\/api.w.org\/{rel}","templated":true}]}}